{"id":370,"date":"2021-06-10T19:20:33","date_gmt":"2021-06-10T17:20:33","guid":{"rendered":"https:\/\/blogs.uni-plovdiv.net\/verba-iuvenium\/?page_id=370"},"modified":"2021-06-13T23:37:36","modified_gmt":"2021-06-13T21:37:36","slug":"issue-3-2021","status":"publish","type":"page","link":"https:\/\/blogs.uni-plovdiv.net\/verba-iuvenium\/?page_id=370&lang=en","title":{"rendered":"Issue 3, 2021"},"content":{"rendered":"<p><span style=\"color: #339966\"><b><strong>Contents<\/strong>\u00a0of Issue 3<\/b><\/span><\/p>\n<p><a href=\"http:\/\/blogs.uni-plovdiv.net\/verba-iuvenium\/files\/2021\/05\/koritsa-1.png\"><img decoding=\"async\" loading=\"lazy\" class=\"alignnone wp-image-329 size-medium\" src=\"http:\/\/blogs.uni-plovdiv.net\/verba-iuvenium\/files\/2021\/05\/koritsa-1-222x300.png\" alt=\"\" width=\"222\" height=\"300\" srcset=\"https:\/\/blogs.uni-plovdiv.net\/verba-iuvenium\/files\/2021\/05\/koritsa-1-222x300.png 222w, https:\/\/blogs.uni-plovdiv.net\/verba-iuvenium\/files\/2021\/05\/koritsa-1.png 633w\" sizes=\"(max-width: 222px) 100vw, 222px\" \/><\/a><\/p>\n<p><strong>Foreword<\/strong><\/p>\n<p><strong>I. Linguistics<\/strong><\/p>\n<p><em>Gergana Georgieva<\/em><\/p>\n<p><a href=\"https:\/\/lib.uni-plovdiv.net\/bitstream\/handle\/123456789\/986\/G.%20Georgieva_Verba%20iuvenium_br._3_2021.pdf?sequence=1&amp;isAllowed=y\"><span style=\"color: #339966\"><strong>Nomina Abstracta of -\u0438\u0465 in the Old Bulgarian Translation of St. Cyril of Jerusalem\u2019s Cathechism (gim. syn. 478)<\/strong><\/span><\/a><\/p>\n<p><em>Velitchka Ilieva<\/em><\/p>\n<p><a href=\"https:\/\/lib.uni-plovdiv.net\/bitstream\/handle\/123456789\/1008\/V.%20Ilieva_Verba%20iuvenium_br._3_2021-2.pdf?sequence=1&amp;isAllowed=y\"><span style=\"color: #339966\"><strong>Three Lead Amulets from the Period of the First Bulgarian Empire<\/strong><\/span><\/a><\/p>\n<p><em>Diana Markova<\/em><\/p>\n<p><a href=\"https:\/\/lib.uni-plovdiv.net\/bitstream\/handle\/123456789\/984\/D.%20Markova_Verba%20iuvenium_br._3_2021-3.pdf?sequence=1&amp;isAllowed=y\"><span style=\"color: #339966\"><strong>On the Formants Which Take Part in the Formation of the \u201cPresent Passive Participle\u201d in Contemporary Bulgarian<\/strong><\/span><\/a><\/p>\n<p><em>Vasil Stamenov<\/em><\/p>\n<p><a href=\"https:\/\/lib.uni-plovdiv.net\/bitstream\/handle\/123456789\/1010\/V.%20Stamenov_Verba%20iuvenium_br._3_2021-4.pdf?sequence=1&amp;isAllowed=y\"><span style=\"color: #339966\"><strong>The Grammatical Morpheme &#8211;<em>h<\/em>-\/-<em>sh<\/em>&#8211; in Bulgarian (Historical Notes)<\/strong><\/span><\/a><\/p>\n<p><em>Marina Dimitrova<\/em><\/p>\n<p><a href=\"https:\/\/lib.uni-plovdiv.net\/bitstream\/handle\/123456789\/991\/M.%20Dimitrova_Verba%20iuvenium_br._3_2021-5.pdf?sequence=1&amp;isAllowed=y\"><span style=\"color: #339966\"><strong>Syntactic and Semantic Specifics of the Use of Passive Voice <\/strong><strong>in Utterances of Preeschool Chidren (3 \u2013 6)<\/strong><\/span><\/a><\/p>\n<p><em>Stefka Aleksandrova<\/em><\/p>\n<p><a href=\"https:\/\/lib.uni-plovdiv.net\/bitstream\/handle\/123456789\/1002\/S.%20Aleksandrova%20Verba%20iuvenium_br._3_2021-6.pdf?sequence=1&amp;isAllowed=y\"><span style=\"color: #339966\"><strong>Politeness in Bulgarian Speech Communication<\/strong><\/span><\/a><\/p>\n<p><em>Zhaneta Andreeva<\/em><\/p>\n<p><a href=\"https:\/\/lib.uni-plovdiv.net\/bitstream\/handle\/123456789\/990\/J.%20Andreeva_Verba%20iuvenium_br._3_2021-7.pdf?sequence=1&amp;isAllowed=y\"><span style=\"color: #339966\"><strong>The Manipulative Aspect of Cognitive Metaphors in Contemporary Bulgarian Political Speeche<\/strong><\/span><\/a><\/p>\n<p><em>Nataliya Matseva<\/em><\/p>\n<p><a href=\"https:\/\/lib.uni-plovdiv.net\/bitstream\/handle\/123456789\/998\/N.%20Maceva_Verba%20iuvenium_br._3_2021-8.pdf?sequence=1&amp;isAllowed=y\"><span style=\"color: #339966\"><strong>The Positive Classroom in Help of the Key Competence &#8216;Skills for Learning&#8217; in Bulgarian Language and Literature Classes, 6th Grade<\/strong><\/span><\/a><\/p>\n<p><em>Radoslava Koleva<\/em><\/p>\n<p><a href=\"https:\/\/lib.uni-plovdiv.net\/bitstream\/handle\/123456789\/1000\/R.%20Koleva_Verba%20iuvenium_br._3_2021-9.pdf?sequence=1&amp;isAllowed=y\"><strong><span style=\"color: #339966\">Fragments of the Language Depiction of a Certain Type of Crime in Bulgarian and Polish<\/span><\/strong><\/a><\/p>\n<p><em>Sema Kutsarova<\/em><\/p>\n<p><a href=\"https:\/\/lib.uni-plovdiv.net\/bitstream\/handle\/123456789\/1005\/S.%20Kucarova_Verba%20iuvenium_br._3_2021-10.pdf?sequence=1&amp;isAllowed=y\"><strong><span style=\"color: #339966\">The Negative Character Traits, Found in the Verbal Derivatives in Turkish and Bulgarian<\/span><\/strong><\/a><\/p>\n<p><em>Simeon Mihalkov<\/em><\/p>\n<p><a href=\"https:\/\/lib.uni-plovdiv.net\/bitstream\/handle\/123456789\/1006\/S.%20Mihalkov_Verba%20iuvenium_br._3_2021-11.pdf?sequence=1&amp;isAllowed=y\"><span style=\"color: #339966\"><strong>Punning as a Word-forming Method in Bulgarian and Greek Youth Slang<\/strong><\/span><\/a><\/p>\n<p><em>Yuliyan Zhelyazkov<\/em><\/p>\n<p><a href=\"https:\/\/lib.uni-plovdiv.net\/bitstream\/handle\/123456789\/1011\/Y.%20Zhelyazkov_Verba%20iuvenium_br._3_2021-12.pdf?sequence=1&amp;isAllowed=y\"><strong><span style=\"color: #339966\">The Application of Domestication and Foreignization Translation Strategies in Bulgarian-English Translations of Ivan Vazov\u2019s Epic of the Forgotten<\/span><\/strong><\/a><\/p>\n<p><em>Isidora Jak\u0161i\u0107 Perovi\u0107<\/em><\/p>\n<p><a href=\"https:\/\/lib.uni-plovdiv.net\/bitstream\/handle\/123456789\/987\/I.%20Perovich_Verba%20iuvenium_br._3_2021-13.pdf?sequence=1&amp;isAllowed=y\"><strong><span style=\"color: #339966\">From Ferdinand de Saussure to Noam Chomsky<\/span><\/strong><\/a><\/p>\n<p><em>Ivan Stoev<\/em><\/p>\n<p><a href=\"https:\/\/lib.uni-plovdiv.net\/bitstream\/handle\/123456789\/988\/I.%20Stoev_Verba%20iuvenium_br._3_2021-14.pdf?sequence=1&amp;isAllowed=y\"><strong><span style=\"color: #339966\">About the Phonetic Special Feature of Chinese Dialcets<\/span><\/strong><\/a><\/p>\n<p><em>Nata\u0161a A. Spasi\u0107<\/em><\/p>\n<p><a href=\"https:\/\/lib.uni-plovdiv.net\/bitstream\/handle\/123456789\/999\/N.%20Spasich_Verba%20iuvenium_br._3_2021-15.pdf?sequence=1&amp;isAllowed=y\"><strong><span style=\"color: #339966\">Teaching Serbian as a Foreign Language Using Web Tools<\/span><\/strong><\/a><\/p>\n<p><em>Slaveyah<\/em> <em>Goranova<\/em><\/p>\n<p><a href=\"https:\/\/lib.uni-plovdiv.net\/bitstream\/handle\/123456789\/1004\/S.%20Goranova_Verba%20iuvenium_br._3_2021-16.pdf?sequence=1&amp;isAllowed=y\"><strong><span style=\"color: #339966\">Opportunities and Disadvantages of the Online Training in Specialized English as Perceived by Students at the Medical University \u201cProf. Dr. Paraskev Stoyanov\u201d \u2013 Varna<\/span><\/strong><\/a><\/p>\n<p><em>Alyona Rutkovska<\/em><\/p>\n<p><a href=\"https:\/\/lib.uni-plovdiv.net\/bitstream\/handle\/123456789\/980\/A.%20Rutkovska_Verba%20iuvenium_br._3_2021-17.pdf?sequence=1&amp;isAllowed=y\"><span style=\"color: #339966\"><strong>Language of Culture and Cultural Speech<\/strong><\/span><\/a><\/p>\n<p><strong>II<\/strong><strong>. <\/strong><strong>Literary Studies<\/strong><\/p>\n<p><em>Nikolay Genov <\/em><\/p>\n<p><a href=\"https:\/\/lib.uni-plovdiv.net\/bitstream\/handle\/123456789\/996\/N.%20Genov_Verba%20iuvenium_br._3_2021-18.pdf?sequence=1&amp;isAllowed=y\"><strong><span style=\"color: #339966\">Phantomology \u2013 a Marginalized Project and Its Benefits to Literary Studies<\/span><\/strong><\/a><\/p>\n<p><em>Maksym Rutkovskiy<\/em><\/p>\n<p><a href=\"https:\/\/lib.uni-plovdiv.net\/bitstream\/handle\/123456789\/995\/M.%20Rutkovski_Verba%20iuvenium_br._3_2021-19.pdf?sequence=1&amp;isAllowed=y\"><strong><span style=\"color: #339966\">Fiction in Interactive English Classes as a Means of Educational Space Humanization<\/span><\/strong><\/a><\/p>\n<p><em>Lilia Trifonova<\/em><\/p>\n<p><a href=\"https:\/\/lib.uni-plovdiv.net\/bitstream\/handle\/123456789\/992\/L.%20Trifonova_Verba%20iuvenium_br._3_2021-20.pdf?sequence=1&amp;isAllowed=y\"><strong><span style=\"color: #339966\">Oscar Wilde\u2019s New Salome. The Fatalism of the Dance<\/span><\/strong><\/a><\/p>\n<p><em>Daniel Kamenov<\/em><\/p>\n<p><a href=\"https:\/\/lib.uni-plovdiv.net\/bitstream\/handle\/123456789\/983\/D.%20Kamenov_Verba%20iuvenium_br._3_2021-21.pdf?sequence=1&amp;isAllowed=y\"><strong><span style=\"color: #339966\">The Authenticity of Thomas Wolfe\u2019s Autobiographical Hero Through the Lens \u00a0of Heideggerian Ontology<\/span><\/strong><\/a><\/p>\n<p><em>Joanna Neykova<\/em><\/p>\n<p><a href=\"https:\/\/lib.uni-plovdiv.net\/bitstream\/handle\/123456789\/1012\/Yo.%20Neikova_Verba%20iuvenium_br._3_2021-22.pdf?sequence=1&amp;isAllowed=y\"><strong><span style=\"color: #339966\">The Book of Illusions: on a Maurice Blanchot and Paul Auster Connection<\/span><\/strong><\/a><\/p>\n<p><em>Francheska Zemyarska<\/em><\/p>\n<p><a href=\"https:\/\/lib.uni-plovdiv.net\/bitstream\/handle\/123456789\/985\/F.%20Zemqrska_Verba%20iuvenium_br._3_2021-23.pdf?sequence=1&amp;isAllowed=y\"><strong><span style=\"color: #339966\">Yourcenar\u2019s Imaginary Father: Old Melancholy and Charming Reticence<\/span><\/strong><\/a><\/p>\n<p><em>Aleksandra Stojanovic<\/em><\/p>\n<p><a href=\"https:\/\/lib.uni-plovdiv.net\/bitstream\/handle\/123456789\/981\/A.%20Stoqnovich_Verba%20iuvenium_br._3_2021-24.pdf?sequence=1&amp;isAllowed=y\"><strong><span style=\"color: #339966\">The Remains of the American Dream in Cormac Mccarthy\u2019s <em>The Road<\/em><\/span><\/strong><\/a><\/p>\n<p><em>Vladimir Mitev<\/em><\/p>\n<p><a href=\"https:\/\/lib.uni-plovdiv.net\/bitstream\/handle\/123456789\/1009\/V.%20Mitev_Verba%20iuvenium_br._3_2021-25.pdf?sequence=1&amp;isAllowed=y\"><strong><span style=\"color: #339966\">Literature as a Means of Social Change in Iran Before the Islamic Revolution<\/span><\/strong><\/a><\/p>\n<p><em>Nedyalko Zhelev<\/em><\/p>\n<p><a href=\"https:\/\/lib.uni-plovdiv.net\/bitstream\/handle\/123456789\/997\/N.%20Jelev_Verba%20iuvenium_br._3_2021-26.pdf?sequence=1&amp;isAllowed=y\"><strong><span style=\"color: #339966\">XX Century in Retrospection \u2013 G\u00fcnter Grass and Patrik Ou\u0159edn\u00edk as Chroniclers of the Last Century<\/span><\/strong><\/a><\/p>\n<p><em>Maria Hanzarova<\/em><\/p>\n<p><a href=\"https:\/\/lib.uni-plovdiv.net\/bitstream\/handle\/123456789\/994\/M.%20Hanzarova_Verba%20iuvenium_br._3_2021-27.pdf?sequence=1&amp;isAllowed=y\"><span style=\"color: #339966\"><strong>The Excessive Ingenuity of Chatski. The Absence of the Characterfrom \u201cHere\u201d and \u201cNow\u201d<\/strong><\/span><\/a><\/p>\n<p><em>Zoya Ivanova<\/em><\/p>\n<p><a href=\"https:\/\/lib.uni-plovdiv.net\/bitstream\/handle\/123456789\/1013\/Z.%20Ivanova_Verba%20iuvenium_br._3_2021-28.pdf?sequence=1&amp;isAllowed=y\"><strong><span style=\"color: #339966\">Marina Tsvetaeva \u2013 Reconstruction Through Memory<\/span><\/strong><\/a><\/p>\n<p><em>Milena Dimova<\/em><\/p>\n<p><a href=\"https:\/\/lib.uni-plovdiv.net\/bitstream\/handle\/123456789\/993\/M.%20Dimova_Verba%20iuvenium_br._3_2021-29.pdf?sequence=1&amp;isAllowed=y\"><strong><span style=\"color: #339966\">The Great Sorrow of the Little Man in the Works of Yordan Yovkov and Sergey Dovlatov<\/span><\/strong><\/a><\/p>\n<p><em>Ivana Vitanova<\/em><\/p>\n<p><a href=\"https:\/\/lib.uni-plovdiv.net\/bitstream\/handle\/123456789\/989\/I.%20Vitanova_Verba%20iuvenium_br._3_2021-30.pdf?sequence=1&amp;isAllowed=y\"><strong><span style=\"color: #339966\">The Road <em>of<\/em> and the Road <em>to<\/em> \u2018the Lost Child\u2019 in Lyuben Karavelov\u2019s Novels \u2018Turkish Pasha\u2019 and \u2018Neda\u2019<\/span><\/strong><\/a><\/p>\n<p><em>Rositsa Vasileva<\/em><\/p>\n<p><a href=\"https:\/\/lib.uni-plovdiv.net\/bitstream\/handle\/123456789\/1001\/R.%20Vasileva_Verba%20iuvenium_br._3_2021-31.pdf?sequence=1&amp;isAllowed=y\"><strong><span style=\"color: #339966\">The Military Stories of Yordan Yovkov and Yordan Valchev<\/span><\/strong><\/a><\/p>\n<p><em>Stefka Filipova-Mertzimeki<\/em><\/p>\n<p><a href=\"https:\/\/lib.uni-plovdiv.net\/bitstream\/handle\/123456789\/1003\/S.%20F-Mertzimeki_Verba%20iuvenium_br._3_2021-32.pdf?sequence=1&amp;isAllowed=y\"><span style=\"color: #339966\"><strong>Models for \u201eBorder\u201d in the <em>Chiflikat kray granitsata<\/em> (<em>Farm near the border<\/em>) by Y. Yovkov and <em>Na iztok ot <\/em><em>Zapada<\/em> (<em>East of the <\/em><em>West<\/em>) by M. Penkov<\/strong><\/span><\/a><\/p>\n<p><em>Vanessa Andonova<\/em><\/p>\n<p><a href=\"https:\/\/lib.uni-plovdiv.net\/bitstream\/handle\/123456789\/1014\/V.%20Andonova_Verba%20iuvenium_br._3_2021-33.pdf?sequence=1&amp;isAllowed=y\"><strong><span style=\"color: #339966\">The Modern Psychological Novel and the Issue of Self-identification (\u201cIzobretatelyat\u201d by Boris Shivachev)<\/span><\/strong><\/a><\/p>\n<p><em>Boris Iliev<\/em><\/p>\n<p><a href=\"https:\/\/lib.uni-plovdiv.net\/bitstream\/handle\/123456789\/982\/B.%20Iliev_Verba%20iuvenium_br._3_2021-34.pdf?sequence=1&amp;isAllowed=y\"><strong><span style=\"color: #339966\">Modeling of Subject Worlds in Biology and Literary Criticism. An Essay on <em>Barierata<\/em> (<em>The Barier<\/em>) of Pavel Vezhinov<\/span><\/strong><\/a><\/p>\n<p>&nbsp;<\/p>\n","protected":false},"excerpt":{"rendered":"<p>Contents\u00a0of Issue 3 Foreword I. Linguistics Gergana Georgieva Nomina Abstracta of -\u0438\u0465 in the Old Bulgarian Translation of St. Cyril&hellip;<\/p>\n","protected":false},"author":44,"featured_media":0,"parent":39,"menu_order":2,"comment_status":"closed","ping_status":"closed","template":"","meta":[],"categories":[],"_links":{"self":[{"href":"https:\/\/blogs.uni-plovdiv.net\/verba-iuvenium\/index.php?rest_route=\/wp\/v2\/pages\/370"}],"collection":[{"href":"https:\/\/blogs.uni-plovdiv.net\/verba-iuvenium\/index.php?rest_route=\/wp\/v2\/pages"}],"about":[{"href":"https:\/\/blogs.uni-plovdiv.net\/verba-iuvenium\/index.php?rest_route=\/wp\/v2\/types\/page"}],"author":[{"embeddable":true,"href":"https:\/\/blogs.uni-plovdiv.net\/verba-iuvenium\/index.php?rest_route=\/wp\/v2\/users\/44"}],"replies":[{"embeddable":true,"href":"https:\/\/blogs.uni-plovdiv.net\/verba-iuvenium\/index.php?rest_route=%2Fwp%2Fv2%2Fcomments&post=370"}],"version-history":[{"count":4,"href":"https:\/\/blogs.uni-plovdiv.net\/verba-iuvenium\/index.php?rest_route=\/wp\/v2\/pages\/370\/revisions"}],"predecessor-version":[{"id":401,"href":"https:\/\/blogs.uni-plovdiv.net\/verba-iuvenium\/index.php?rest_route=\/wp\/v2\/pages\/370\/revisions\/401"}],"up":[{"embeddable":true,"href":"https:\/\/blogs.uni-plovdiv.net\/verba-iuvenium\/index.php?rest_route=\/wp\/v2\/pages\/39"}],"wp:attachment":[{"href":"https:\/\/blogs.uni-plovdiv.net\/verba-iuvenium\/index.php?rest_route=%2Fwp%2Fv2%2Fmedia&parent=370"}],"wp:term":[{"taxonomy":"category","embeddable":true,"href":"https:\/\/blogs.uni-plovdiv.net\/verba-iuvenium\/index.php?rest_route=%2Fwp%2Fv2%2Fcategories&post=370"}],"curies":[{"name":"wp","href":"https:\/\/api.w.org\/{rel}","templated":true}]}}